{"id":990765,"date":"2023-01-30T22:41:06","date_gmt":"2023-01-30T21:41:06","guid":{"rendered":"https:\/\/rotim.hr\/magnetresonanztomographie\/magnetska-rezonancija\/"},"modified":"2026-03-10T16:35:25","modified_gmt":"2026-03-10T15:35:25","slug":"magnetresonanztomographie-mrt","status":"publish","type":"page","link":"https:\/\/rotim.hr\/de\/magnetresonanztomographie\/magnetresonanztomographie-mrt\/","title":{"rendered":"Magnetresonanztomographie"},"content":{"rendered":"\t\t<div data-elementor-type=\"wp-page\" data-elementor-id=\"990765\" class=\"elementor elementor-990765 elementor-987949\" data-elementor-post-type=\"page\">\n\t\t\t\t\t\t<section class=\"elementor-section elementor-top-section elementor-element elementor-element-3247476 elementor-section-boxed elementor-section-height-default elementor-section-height-default\" data-id=\"3247476\" data-element_type=\"section\" data-e-type=\"section\">\n\t\t\t\t\t\t<div class=\"elementor-container elementor-column-gap-no\">\n\t\t\t\t\t<div class=\"elementor-column elementor-col-50 elementor-top-column elementor-element elementor-element-30e7761\" data-id=\"30e7761\" data-element_type=\"column\" data-e-type=\"column\">\n\t\t\t<div class=\"elementor-widget-wrap elementor-element-populated\">\n\t\t\t\t\t\t<div class=\"elementor-element elementor-element-8708c90 elementor-position-inline-end elementor-widget__width-auto elementor-mobile-position-inline-end elementor-widget-mobile__width-auto elementor-view-default elementor-invisible elementor-widget elementor-widget-icon-box\" data-id=\"8708c90\" data-element_type=\"widget\" data-e-type=\"widget\" data-settings=\"{&quot;_animation&quot;:&quot;slideInUp&quot;}\" data-widget_type=\"icon-box.default\">\n\t\t\t\t<div class=\"elementor-widget-container\">\n\t\t\t\t\t\t\t<div class=\"elementor-icon-box-wrapper\">\n\n\t\t\t\t\t\t<div class=\"elementor-icon-box-icon\">\n\t\t\t\t<span  class=\"elementor-icon\">\n\t\t\t\t<i aria-hidden=\"true\" class=\"vamtamtheme- vamtam-theme-line-titles\"><\/i>\t\t\t\t<\/span>\n\t\t\t<\/div>\n\t\t\t\n\t\t\t\t\t\t<div class=\"elementor-icon-box-content\">\n\n\t\t\t\t\t\t\t\t\t<span class=\"elementor-icon-box-title\">\n\t\t\t\t\t\t<span  >\n\t\t\t\t\t\t\tDienstleistungen\t\t\t\t\t\t<\/span>\n\t\t\t\t\t<\/span>\n\t\t\t\t\n\t\t\t\t\n\t\t\t<\/div>\n\t\t\t\n\t\t<\/div>\n\t\t\t\t\t\t<\/div>\n\t\t\t\t<\/div>\n\t\t\t\t\t<\/div>\n\t\t<\/div>\n\t\t\t\t<div class=\"elementor-column elementor-col-50 elementor-top-column elementor-element elementor-element-a777c74\" data-id=\"a777c74\" data-element_type=\"column\" data-e-type=\"column\">\n\t\t\t<div class=\"elementor-widget-wrap elementor-element-populated\">\n\t\t\t\t\t\t<div class=\"vamtam-has-theme-widget-styles elementor-element elementor-element-bfd00b3 elementor-widget elementor-widget-text-editor\" data-id=\"bfd00b3\" data-element_type=\"widget\" data-e-type=\"widget\" data-widget_type=\"text-editor.default\">\n\t\t\t\t<div class=\"elementor-widget-container\">\n\t\t\t\t\t\t\t\t\t<p><span style=\"font-family: Arial, sans-serif;\"><span style=\"font-size: 14.6667px;\">Modernste MRT-Technologie mit k\u00fcnstlicher Intelligenz.<\/span><\/span><\/p>\n<p><span style=\"font-family: Arial, sans-serif;\"><span style=\"font-size: 14.6667px;\">Keine Wartezeit f\u00fcr einen Termin.<\/span><\/span><\/p>\n<p><span style=\"font-family: Arial, sans-serif;\"><span style=\"font-size: 14.6667px;\">Ergebnisse liegen am selben oder am n\u00e4chsten Tag vor.<\/span><\/span><\/p>\n<p><span style=\"font-family: Arial, sans-serif;\"><span style=\"font-size: 14.6667px;\"> <\/span><\/span><\/p>\n\t\t\t\t\t\t\t\t<\/div>\n\t\t\t\t<\/div>\n\t\t\t\t\t<\/div>\n\t\t<\/div>\n\t\t\t\t\t<\/div>\n\t\t<\/section>\n\t\t\t\t<section class=\"elementor-section elementor-top-section elementor-element elementor-element-3b822de elementor-section-full_width elementor-section-height-min-height elementor-section-stretched elementor-section-height-default elementor-section-items-middle\" data-id=\"3b822de\" data-element_type=\"section\" data-e-type=\"section\" data-settings=\"{&quot;background_background&quot;:&quot;classic&quot;,&quot;stretch_section&quot;:&quot;section-stretched&quot;}\">\n\t\t\t\t\t\t<div class=\"elementor-container elementor-column-gap-default\">\n\t\t\t\t\t<div class=\"elementor-column elementor-col-100 elementor-top-column elementor-element elementor-element-ca5bd0f\" data-id=\"ca5bd0f\" data-element_type=\"column\" data-e-type=\"column\" data-settings=\"{&quot;background_background&quot;:&quot;slideshow&quot;,&quot;background_slideshow_gallery&quot;:[],&quot;background_slideshow_loop&quot;:&quot;yes&quot;,&quot;background_slideshow_slide_duration&quot;:5000,&quot;background_slideshow_slide_transition&quot;:&quot;fade&quot;,&quot;background_slideshow_transition_duration&quot;:500}\">\n\t\t\t<div class=\"elementor-widget-wrap\">\n\t\t\t\t\t\t\t<\/div>\n\t\t<\/div>\n\t\t\t\t\t<\/div>\n\t\t<\/section>\n\t\t\t\t<section class=\"elementor-section elementor-top-section elementor-element elementor-element-97ba92d elementor-section-boxed elementor-section-height-default elementor-section-height-default\" data-id=\"97ba92d\" data-element_type=\"section\" data-e-type=\"section\">\n\t\t\t\t\t\t<div class=\"elementor-container elementor-column-gap-default\">\n\t\t\t\t\t<div class=\"elementor-column elementor-col-100 elementor-top-column elementor-element elementor-element-ddf4680\" data-id=\"ddf4680\" data-element_type=\"column\" data-e-type=\"column\">\n\t\t\t<div class=\"elementor-widget-wrap elementor-element-populated\">\n\t\t\t\t\t\t<div class=\"elementor-element elementor-element-1afb97d elementor-widget elementor-widget-heading\" data-id=\"1afb97d\" data-element_type=\"widget\" data-e-type=\"widget\" data-widget_type=\"heading.default\">\n\t\t\t\t<div class=\"elementor-widget-container\">\n\t\t\t\t\t<h2 class=\"elementor-heading-title elementor-size-default\">Liste der MRT-Untersuchungen in der Rotim-Poliklinik<\/h2>\t\t\t\t<\/div>\n\t\t\t\t<\/div>\n\t\t\t\t\t<\/div>\n\t\t<\/div>\n\t\t\t\t\t<\/div>\n\t\t<\/section>\n\t\t\t\t<section class=\"elementor-section elementor-top-section elementor-element elementor-element-befe585 elementor-section-content-middle elementor-section-boxed elementor-section-height-default elementor-section-height-default\" data-id=\"befe585\" data-element_type=\"section\" data-e-type=\"section\">\n\t\t\t\t\t\t<div class=\"elementor-container elementor-column-gap-no\">\n\t\t\t\t\t<div class=\"elementor-column elementor-col-50 elementor-top-column elementor-element elementor-element-f71dae5\" data-id=\"f71dae5\" data-element_type=\"column\" data-e-type=\"column\">\n\t\t\t<div class=\"elementor-widget-wrap elementor-element-populated\">\n\t\t\t\t\t\t<div class=\"elementor-element elementor-element-85a37f2 elementor-widget elementor-widget-heading\" data-id=\"85a37f2\" data-element_type=\"widget\" data-e-type=\"widget\" data-widget_type=\"heading.default\">\n\t\t\t\t<div class=\"elementor-widget-container\">\n\t\t\t\t\t<h3 class=\"elementor-heading-title elementor-size-default\">Zagreb<\/h3>\t\t\t\t<\/div>\n\t\t\t\t<\/div>\n\t\t\t\t<div class=\"elementor-element elementor-element-51301b6 elementor-widget elementor-widget-image\" data-id=\"51301b6\" data-element_type=\"widget\" data-e-type=\"widget\" data-widget_type=\"image.default\">\n\t\t\t\t<div class=\"elementor-widget-container\">\n\t\t\t\t\t\t\t\t\t\t\t\t\t\t\t<img fetchpriority=\"high\" decoding=\"async\" width=\"768\" height=\"511\" src=\"https:\/\/rotim.hr\/wp-content\/uploads\/2026\/03\/zagreb-magnet-web-768x511.jpg\" class=\"attachment-medium_large size-medium_large wp-image-994504\" alt=\"\" srcset=\"https:\/\/rotim.hr\/wp-content\/uploads\/2026\/03\/zagreb-magnet-web-768x511.jpg 768w, https:\/\/rotim.hr\/wp-content\/uploads\/2026\/03\/zagreb-magnet-web-300x200.jpg 300w, https:\/\/rotim.hr\/wp-content\/uploads\/2026\/03\/zagreb-magnet-web-1024x682.jpg 1024w, https:\/\/rotim.hr\/wp-content\/uploads\/2026\/03\/zagreb-magnet-web-1536x1022.jpg 1536w, https:\/\/rotim.hr\/wp-content\/uploads\/2026\/03\/zagreb-magnet-web.jpg 2048w\" sizes=\"(max-width: 768px) 100vw, 768px\" \/>\t\t\t\t\t\t\t\t\t\t\t\t\t\t\t<\/div>\n\t\t\t\t<\/div>\n\t\t\t\t<div class=\"vamtam-has-theme-widget-styles elementor-element elementor-element-f0145d0 elementor-widget elementor-widget-text-editor\" data-id=\"f0145d0\" data-element_type=\"widget\" data-e-type=\"widget\" data-widget_type=\"text-editor.default\">\n\t\t\t\t<div class=\"elementor-widget-container\">\n\t\t\t\t\t\t\t\t\t<div>\n<ul>\n<li><span data-olk-copy-source=\"MessageBody\">MRT des Gehirns<\/span><\/li>\n<li>MRT der Hypophyse<\/li>\n<li>MRT-Angiographie des Gehirns (MRA)<\/li>\n<li>MRT-Venographie des Gehirns<\/li>\n<li>MRT-Untersuchung der Orbita<\/li>\n<li>MRT der Nasennebenh\u00f6hlen<\/li>\n<li>MRT der Halswirbels\u00e4ule<\/li>\n<li>MR BRACHIALPLEXUS<\/li>\n<li>MR-Angiographie des Halses (MRA)<\/li>\n<li>MRT der Brustwirbels\u00e4ule<\/li>\n<li>MRT der Lendenwirbels\u00e4ule<\/li>\n<li>MRT der gesamten Wirbels\u00e4ule<\/li>\n<li>Lungen-MRT<\/li>\n<li>Abdomen-MRT + MRCP<\/li>\n<li>Prostata-MRT<\/li>\n<li>MRT des gyn\u00e4kologischen Beckens<\/li>\n<li>MR Schulter, Oberarm, Ellbogen, Unterarm, Handgelenk, Hand<\/li>\n<li>MRT-Untersuchung des Oberschenkels, Knies, Unterschenkels, Sprunggelenks, Fu\u00dfes<\/li>\n<li>MRT des Beckens mit H\u00fcften<\/li>\n<\/ul>\n<\/div>\n\t\t\t\t\t\t\t\t<\/div>\n\t\t\t\t<\/div>\n\t\t\t\t\t<\/div>\n\t\t<\/div>\n\t\t\t\t<div class=\"elementor-column elementor-col-50 elementor-top-column elementor-element elementor-element-02f3e49\" data-id=\"02f3e49\" data-element_type=\"column\" data-e-type=\"column\">\n\t\t\t<div class=\"elementor-widget-wrap elementor-element-populated\">\n\t\t\t\t\t\t<div class=\"elementor-element elementor-element-1c0ae7a elementor-widget elementor-widget-heading\" data-id=\"1c0ae7a\" data-element_type=\"widget\" data-e-type=\"widget\" data-widget_type=\"heading.default\">\n\t\t\t\t<div class=\"elementor-widget-container\">\n\t\t\t\t\t<h3 class=\"elementor-heading-title elementor-size-default\">Porec<\/h3>\t\t\t\t<\/div>\n\t\t\t\t<\/div>\n\t\t\t\t<div class=\"elementor-element elementor-element-7110cd5 elementor-widget elementor-widget-image\" data-id=\"7110cd5\" data-element_type=\"widget\" data-e-type=\"widget\" data-widget_type=\"image.default\">\n\t\t\t\t<div class=\"elementor-widget-container\">\n\t\t\t\t\t\t\t\t\t\t\t\t\t\t\t<img decoding=\"async\" width=\"768\" height=\"511\" src=\"https:\/\/rotim.hr\/wp-content\/uploads\/2026\/03\/porec-magnet-web-1-768x511.jpg\" class=\"attachment-medium_large size-medium_large wp-image-994500\" alt=\"\" srcset=\"https:\/\/rotim.hr\/wp-content\/uploads\/2026\/03\/porec-magnet-web-1-768x511.jpg 768w, https:\/\/rotim.hr\/wp-content\/uploads\/2026\/03\/porec-magnet-web-1-300x200.jpg 300w, https:\/\/rotim.hr\/wp-content\/uploads\/2026\/03\/porec-magnet-web-1-1024x682.jpg 1024w, https:\/\/rotim.hr\/wp-content\/uploads\/2026\/03\/porec-magnet-web-1-1536x1022.jpg 1536w, https:\/\/rotim.hr\/wp-content\/uploads\/2026\/03\/porec-magnet-web-1.jpg 2048w\" sizes=\"(max-width: 768px) 100vw, 768px\" \/>\t\t\t\t\t\t\t\t\t\t\t\t\t\t\t<\/div>\n\t\t\t\t<\/div>\n\t\t\t\t<div class=\"vamtam-has-theme-widget-styles elementor-element elementor-element-6240843 elementor-widget elementor-widget-text-editor\" data-id=\"6240843\" data-element_type=\"widget\" data-e-type=\"widget\" data-widget_type=\"text-editor.default\">\n\t\t\t\t<div class=\"elementor-widget-container\">\n\t\t\t\t\t\t\t\t\t<ul>\n<li><span data-olk-copy-source=\"MessageBody\">MRT des Gehirns<\/span><\/li>\n<li>MRT der Hypophyse<\/li>\n<li>MRT-Angiographie des Gehirns (MRA)<\/li>\n<li>MRT-Venographie des Gehirns<\/li>\n<li>MRT-Untersuchung der Orbita<\/li>\n<li>MRT der Nasennebenh\u00f6hlen<\/li>\n<li>MRT der Halswirbels\u00e4ule<\/li>\n<li>MR BRACHIALPLEXUS<\/li>\n<li>MR-Angiographie des Halses (MRA)<\/li>\n<li>MRT der Brustwirbels\u00e4ule<\/li>\n<li>MRT der Lendenwirbels\u00e4ule<\/li>\n<li>MRT der gesamten Wirbels\u00e4ule<\/li>\n<li>Abdomen-MRT + MRCP<\/li>\n<li>Prostata-MRT<\/li>\n<li>MRT des gyn\u00e4kologischen Beckens<\/li>\n<li>MR Schulter, Oberarm, Ellbogen, Unterarm, Handgelenk, Hand<\/li>\n<li>MRT-Untersuchung des Oberschenkels, Knies, Unterschenkels, Sprunggelenks, Fu\u00dfes<\/li>\n<li>MRT des Beckens mit H\u00fcften<\/li>\n<\/ul>\n\t\t\t\t\t\t\t\t<\/div>\n\t\t\t\t<\/div>\n\t\t\t\t\t<\/div>\n\t\t<\/div>\n\t\t\t\t\t<\/div>\n\t\t<\/section>\n\t\t\t\t<section class=\"elementor-section elementor-top-section elementor-element elementor-element-f6833ac elementor-section-content-middle elementor-section-boxed elementor-section-height-default elementor-section-height-default\" data-id=\"f6833ac\" data-element_type=\"section\" data-e-type=\"section\" data-settings=\"{&quot;background_background&quot;:&quot;classic&quot;}\">\n\t\t\t\t\t\t<div class=\"elementor-container elementor-column-gap-no\">\n\t\t\t\t\t<div class=\"elementor-column elementor-col-50 elementor-top-column elementor-element elementor-element-5da9ee9\" data-id=\"5da9ee9\" data-element_type=\"column\" data-e-type=\"column\">\n\t\t\t<div class=\"elementor-widget-wrap elementor-element-populated\">\n\t\t\t\t\t\t<div class=\"elementor-element elementor-element-d81a5b1 elementor-widget elementor-widget-heading\" data-id=\"d81a5b1\" data-element_type=\"widget\" data-e-type=\"widget\" data-widget_type=\"heading.default\">\n\t\t\t\t<div class=\"elementor-widget-container\">\n\t\t\t\t\t<h3 class=\"elementor-heading-title elementor-size-default\">Obwohl eine MRT-Untersuchung v\u00f6llig schmerzfrei und sicher ist und auch von Schwangeren und Kleinkindern problemlos durchgef\u00fchrt werden kann, empfinden die meisten Patienten sie als unangenehm. Allein das Betreten des MRT-Ger\u00e4ts l\u00f6st Angst aus. Die meisten werden zustimmen, dass es sich nicht um eine angenehme Untersuchung handelt und sie diese m\u00f6glichst vermeiden m\u00f6chten. <\/h3>\t\t\t\t<\/div>\n\t\t\t\t<\/div>\n\t\t\t\t\t<\/div>\n\t\t<\/div>\n\t\t\t\t<div class=\"elementor-column elementor-col-50 elementor-top-column elementor-element elementor-element-062da32\" data-id=\"062da32\" data-element_type=\"column\" data-e-type=\"column\">\n\t\t\t<div class=\"elementor-widget-wrap elementor-element-populated\">\n\t\t\t\t\t\t<div class=\"elementor-element elementor-element-0eba704 elementor-widget elementor-widget-image\" data-id=\"0eba704\" data-element_type=\"widget\" data-e-type=\"widget\" data-widget_type=\"image.default\">\n\t\t\t\t<div class=\"elementor-widget-container\">\n\t\t\t\t\t\t\t\t\t\t\t\t\t\t\t<img decoding=\"async\" width=\"1024\" height=\"683\" src=\"https:\/\/rotim.hr\/wp-content\/uploads\/2023\/01\/MRI-podnaslovna-1024x683.jpg\" class=\"attachment-large size-large wp-image-987961\" alt=\"\" srcset=\"https:\/\/rotim.hr\/wp-content\/uploads\/2023\/01\/MRI-podnaslovna-1024x683.jpg 1024w, https:\/\/rotim.hr\/wp-content\/uploads\/2023\/01\/MRI-podnaslovna-300x200.jpg 300w, https:\/\/rotim.hr\/wp-content\/uploads\/2023\/01\/MRI-podnaslovna-768x512.jpg 768w, https:\/\/rotim.hr\/wp-content\/uploads\/2023\/01\/MRI-podnaslovna.jpg 1300w\" sizes=\"(max-width: 1024px) 100vw, 1024px\" \/>\t\t\t\t\t\t\t\t\t\t\t\t\t\t\t<\/div>\n\t\t\t\t<\/div>\n\t\t\t\t\t<\/div>\n\t\t<\/div>\n\t\t\t\t\t<\/div>\n\t\t<\/section>\n\t\t\t\t<section class=\"elementor-section elementor-top-section elementor-element elementor-element-8e82620 elementor-section-boxed elementor-section-height-default elementor-section-height-default\" data-id=\"8e82620\" data-element_type=\"section\" data-e-type=\"section\">\n\t\t\t\t\t\t<div class=\"elementor-container elementor-column-gap-default\">\n\t\t\t\t\t<div class=\"elementor-column elementor-col-100 elementor-top-column elementor-element elementor-element-fd35edb\" data-id=\"fd35edb\" data-element_type=\"column\" data-e-type=\"column\">\n\t\t\t<div class=\"elementor-widget-wrap elementor-element-populated\">\n\t\t\t\t\t\t<div class=\"elementor-element elementor-element-67f045d elementor-widget elementor-widget-heading\" data-id=\"67f045d\" data-element_type=\"widget\" data-e-type=\"widget\" data-widget_type=\"heading.default\">\n\t\t\t\t<div class=\"elementor-widget-container\">\n\t\t\t\t\t<h2 class=\"elementor-heading-title elementor-size-default\">Magnetresonanztomographie<\/h2>\t\t\t\t<\/div>\n\t\t\t\t<\/div>\n\t\t\t\t\t<\/div>\n\t\t<\/div>\n\t\t\t\t\t<\/div>\n\t\t<\/section>\n\t\t\t\t<section class=\"elementor-section elementor-top-section elementor-element elementor-element-c373b86 elementor-section-boxed elementor-section-height-default elementor-section-height-default\" data-id=\"c373b86\" data-element_type=\"section\" data-e-type=\"section\">\n\t\t\t\t\t\t<div class=\"elementor-container elementor-column-gap-custom\">\n\t\t\t\t\t<div class=\"elementor-column elementor-col-50 elementor-top-column elementor-element elementor-element-baf22f1\" data-id=\"baf22f1\" data-element_type=\"column\" data-e-type=\"column\">\n\t\t\t<div class=\"elementor-widget-wrap elementor-element-populated\">\n\t\t\t\t\t\t<div class=\"vamtam-has-theme-widget-styles elementor-element elementor-element-78b65f0 elementor-widget elementor-widget-text-editor\" data-id=\"78b65f0\" data-element_type=\"widget\" data-e-type=\"widget\" data-widget_type=\"text-editor.default\">\n\t\t\t\t<div class=\"elementor-widget-container\">\n\t\t\t\t\t\t\t\t\t<p>Die Magnetresonanztomographie (MRT) hingegen ist eine sehr wichtige, zielgerichtete Diagnosemethode, die mithilfe eines starken Magnetfelds und Radiowellen eine schichtweise Darstellung der einzelnen Organsysteme erm\u00f6glicht. Anders ausgedr\u00fcckt: Sie liefert uns detaillierte Einblicke in den Zustand und die Ver\u00e4nderungen von Organen, Weichteilgewebe, Knochen und Gelenken. <\/p>\n<p>Die neueste Technologie, die nun auch in Kroatien verf\u00fcgbar ist, erm\u00f6glicht es uns, diese Details bis ins kleinste Detail zu erkennen, was die Diagnose und Therapie f\u00fcr \u00c4rzte erheblich erleichtert. Dank dieser Technologie k\u00f6nnen die neuesten Ger\u00e4te auf dem Markt die Untersuchung auch f\u00fcr den Patienten selbst vereinfachen. <\/p>\n<p><strong>Bei der Anschaffung des neuesten MRT-Ger\u00e4ts ber\u00fccksichtigte die Rotim Poliklinik beide Aspekte \u2013 erstklassige Untersuchungsergebnisse und Befunde sowie ein H\u00f6chstma\u00df an Komfort f\u00fcr den Patienten,<\/strong> der sich dank der Konstruktion des Ger\u00e4ts w\u00e4hrend der Untersuchung nicht mehr eingeengt f\u00fchlen wird.<\/p>\n<p>Das Ger\u00e4t in Zagreb ist so konzipiert, dass es <strong>f\u00fcr Patienten mit erh\u00f6htem K\u00f6rpergewicht (bis zu 320 kg) geeignet ist,<\/strong> die diese Untersuchung aufgrund der Einschr\u00e4nkungen bisheriger Ger\u00e4te nicht durchf\u00fchren konnten.<\/p>\n<p>Die Spitzentechnologie des neuen MRT-Ger\u00e4ts erm\u00f6glicht es den Patienten der Rotim-Poliklinik <strong>, die Untersuchungszeit zu verk\u00fcrzen<\/strong> , und die Bildgebungstechnik ist so pr\u00e4zise, \u200b\u200bdass sie Entz\u00fcndungsprozesse und mechanische Instabilit\u00e4t von Prothesen und Implantaten diagnostizieren kann, was eine angemessene Therapie f\u00fcr Patienten mit Prothesen, Platten und Schrauben in ihren Knochen erm\u00f6glicht.<\/p>\n<p><strong>Die Besonderheit des MRT-Ger\u00e4ts in der Rotim-Poliklinik Zagreb besteht darin, dass es auch die Untersuchung der Lunge erm\u00f6glicht, was f\u00fcr Patienten, die sich von COVID erholt haben, und f\u00fcr Patienten mit Lungenver\u00e4nderungen wichtig ist.&nbsp;<\/strong><\/p>\n<p>Zus\u00e4tzlich zu den aufgef\u00fchrten Leistungen und Untersuchungen k\u00f6nnen Sie in der ROTIM POLYCLINIC eine Magnetresonanztomographie der folgenden Organe\/K\u00f6rperteile durchf\u00fchren lassen:<\/p>\n<ul>\n<li>Kopf und Hals<\/li>\n<li>Gehirn&nbsp;<\/li>\n<li>Hypophyse<\/li>\n<li>&nbsp;Wirbels\u00e4ule und R\u00fccken<\/li>\n<li>Halswirbels\u00e4ule (Zervikalwirbels\u00e4ule)<\/li>\n<li>Brustwirbels\u00e4ule (Brustkorb)<\/li>\n<li>Lendenwirbels\u00e4ule (lumbal)<\/li>\n<li>Schultergelenk<\/li>\n<li>Ellenbogengelenk<\/li>\n<li>Handgelenk und Hand<\/li>\n<li>H\u00fcften<\/li>\n<li>Kniegelenk<\/li>\n<li>Kn\u00f6chel und Fu\u00df<\/li>\n<li>&nbsp;Bauch und Becken<\/li>\n<li>Blutgef\u00e4\u00dfe (MR-Angiographie)<\/li>\n<li>Hirngef\u00e4\u00dfe<\/li>\n<li>Halsschlagadern (Hals)<\/li>\n<li>Aorta und andere Blutgef\u00e4\u00dfe im Bauchraum und Brustkorb<\/li>\n<\/ul>\t\t\t\t\t\t\t\t<\/div>\n\t\t\t\t<\/div>\n\t\t\t\t<div class=\"elementor-element elementor-element-5c72aa2 elementor-widget elementor-widget-spacer\" data-id=\"5c72aa2\" data-element_type=\"widget\" data-e-type=\"widget\" data-widget_type=\"spacer.default\">\n\t\t\t\t<div class=\"elementor-widget-container\">\n\t\t\t\t\t\t\t<div class=\"elementor-spacer\">\n\t\t\t<div class=\"elementor-spacer-inner\"><\/div>\n\t\t<\/div>\n\t\t\t\t\t\t<\/div>\n\t\t\t\t<\/div>\n\t\t\t\t\t<\/div>\n\t\t<\/div>\n\t\t\t\t<div class=\"elementor-column elementor-col-50 elementor-top-column elementor-element elementor-element-6c49d19\" data-id=\"6c49d19\" data-element_type=\"column\" data-e-type=\"column\">\n\t\t\t<div class=\"elementor-widget-wrap elementor-element-populated\">\n\t\t\t\t\t\t<div class=\"elementor-element elementor-element-04dd21a elementor-widget elementor-widget-video\" data-id=\"04dd21a\" data-element_type=\"widget\" data-e-type=\"widget\" data-settings=\"{&quot;youtube_url&quot;:&quot;https:\\\/\\\/www.youtube.com\\\/watch?v=dfiYpnmw0uI&quot;,&quot;video_type&quot;:&quot;youtube&quot;,&quot;controls&quot;:&quot;yes&quot;}\" data-widget_type=\"video.default\">\n\t\t\t\t<div class=\"elementor-widget-container\">\n\t\t\t\t\t\t\t<div class=\"elementor-wrapper elementor-open-inline\">\n\t\t\t<div class=\"elementor-video\"><\/div>\t\t<\/div>\n\t\t\t\t\t\t<\/div>\n\t\t\t\t<\/div>\n\t\t\t\t<div class=\"vamtam-has-theme-widget-styles elementor-element elementor-element-5c77def elementor-widget elementor-widget-text-editor\" data-id=\"5c77def\" data-element_type=\"widget\" data-e-type=\"widget\" data-widget_type=\"text-editor.default\">\n\t\t\t\t<div class=\"elementor-widget-container\">\n\t\t\t\t\t\t\t\t\t<p><b>Um diese Untersuchungen und weitere Informationen zu bestellen, k\u00f6nnen sich Patienten an folgende Adresse wenden:<\/b><\/p>\n<p><b>POLYKLINIK ZAGREB:<\/b> <span style=\"font-family: 'Titillium Web', sans-serif; font-size: 14px; font-style: normal; font-variant-ligatures: normal; font-variant-caps: normal; font-weight: bold;\">radiologija@rotim.hr<\/span> <span style=\"font-family: 'Titillium Web', sans-serif; font-size: 14px; font-style: normal; font-variant-ligatures: normal; font-variant-caps: normal; font-weight: bold;\">01\/2349433<\/span> <span style=\"font-family: 'Titillium Web', sans-serif; font-size: 14px; font-style: normal; font-variant-ligatures: normal; font-variant-caps: normal; font-weight: bold;\">+385 91 6164 270<\/span><\/p>\n<p><b>POLYKLINIK PORE\u010c:<\/b> <b>porec@rotim.hr 052\/771 776 +385 91 2222 351<\/b><\/p>\n\t\t\t\t\t\t\t\t<\/div>\n\t\t\t\t<\/div>\n\t\t\t\t\t<\/div>\n\t\t<\/div>\n\t\t\t\t\t<\/div>\n\t\t<\/section>\n\t\t\t\t<section class=\"elementor-section elementor-top-section elementor-element elementor-element-e112138 elementor-section-boxed elementor-section-height-default elementor-section-height-default\" data-id=\"e112138\" data-element_type=\"section\" data-e-type=\"section\">\n\t\t\t\t\t\t<div class=\"elementor-container elementor-column-gap-default\">\n\t\t\t\t\t<div class=\"elementor-column elementor-col-100 elementor-top-column elementor-element elementor-element-d0feb74\" data-id=\"d0feb74\" data-element_type=\"column\" data-e-type=\"column\">\n\t\t\t<div class=\"elementor-widget-wrap\">\n\t\t\t\t\t\t\t<\/div>\n\t\t<\/div>\n\t\t\t\t\t<\/div>\n\t\t<\/section>\n\t\t\t\t<\/div>\n\t\t","protected":false},"excerpt":{"rendered":"<p>Dienstleistungen Modernste MRT-Technologie mit k\u00fcnstlicher Intelligenz. Keine Wartezeit f\u00fcr einen Termin. Ergebnisse liegen am selben oder am n\u00e4chsten Tag vor. Liste der MRT-Untersuchungen in der Rotim-Poliklinik Zagreb MRT des Gehirns MRT der Hypophyse MRT-Angiographie des Gehirns (MRA) MRT-Venographie des Gehirns MRT-Untersuchung der Orbita MRT der Nasennebenh\u00f6hlen MRT der Halswirbels\u00e4ule MR BRACHIALPLEXUS MR-Angiographie des Halses (MRA)&#8230;<\/p>\n","protected":false},"author":4,"featured_media":0,"parent":990757,"menu_order":0,"comment_status":"closed","ping_status":"closed","template":"","meta":{"footnotes":""},"class_list":["post-990765","page","type-page","status-publish","hentry"],"_links":{"self":[{"href":"https:\/\/rotim.hr\/de\/wp-json\/wp\/v2\/pages\/990765","targetHints":{"allow":["GET"]}}],"collection":[{"href":"https:\/\/rotim.hr\/de\/wp-json\/wp\/v2\/pages"}],"about":[{"href":"https:\/\/rotim.hr\/de\/wp-json\/wp\/v2\/types\/page"}],"author":[{"embeddable":true,"href":"https:\/\/rotim.hr\/de\/wp-json\/wp\/v2\/users\/4"}],"replies":[{"embeddable":true,"href":"https:\/\/rotim.hr\/de\/wp-json\/wp\/v2\/comments?post=990765"}],"version-history":[{"count":6,"href":"https:\/\/rotim.hr\/de\/wp-json\/wp\/v2\/pages\/990765\/revisions"}],"predecessor-version":[{"id":994745,"href":"https:\/\/rotim.hr\/de\/wp-json\/wp\/v2\/pages\/990765\/revisions\/994745"}],"up":[{"embeddable":true,"href":"https:\/\/rotim.hr\/de\/wp-json\/wp\/v2\/pages\/990757"}],"wp:attachment":[{"href":"https:\/\/rotim.hr\/de\/wp-json\/wp\/v2\/media?parent=990765"}],"curies":[{"name":"wp","href":"https:\/\/api.w.org\/{rel}","templated":true}]}}