{"id":992097,"date":"2024-04-30T10:43:45","date_gmt":"2024-04-30T08:43:45","guid":{"rendered":"https:\/\/rotim.hr\/behandlungen-und-dienstleistungen\/orthopadie\/djecja-ortopedija\/"},"modified":"2026-03-10T16:40:35","modified_gmt":"2026-03-10T15:40:35","slug":"kinderorthopadie","status":"publish","type":"page","link":"https:\/\/rotim.hr\/de\/behandlungen-und-dienstleistungen\/orthopadie\/kinderorthopadie\/","title":{"rendered":"Ultraschalluntersuchung der H\u00fcften von Neugeborenen"},"content":{"rendered":"\t\t<div data-elementor-type=\"wp-page\" data-elementor-id=\"992097\" class=\"elementor elementor-992097 elementor-992088\" data-elementor-post-type=\"page\">\n\t\t\t\t\t\t<section class=\"elementor-section elementor-top-section elementor-element elementor-element-3247476 elementor-section-boxed elementor-section-height-default elementor-section-height-default\" data-id=\"3247476\" data-element_type=\"section\" data-e-type=\"section\">\n\t\t\t\t\t\t<div class=\"elementor-container elementor-column-gap-no\">\n\t\t\t\t\t<div class=\"elementor-column elementor-col-50 elementor-top-column elementor-element elementor-element-30e7761\" data-id=\"30e7761\" data-element_type=\"column\" data-e-type=\"column\">\n\t\t\t<div class=\"elementor-widget-wrap elementor-element-populated\">\n\t\t\t\t\t\t<div class=\"elementor-element elementor-element-8708c90 elementor-position-inline-end elementor-widget__width-auto elementor-mobile-position-inline-end elementor-widget-mobile__width-auto elementor-view-default elementor-invisible elementor-widget elementor-widget-icon-box\" data-id=\"8708c90\" data-element_type=\"widget\" data-e-type=\"widget\" data-settings=\"{&quot;_animation&quot;:&quot;slideInUp&quot;}\" data-widget_type=\"icon-box.default\">\n\t\t\t\t<div class=\"elementor-widget-container\">\n\t\t\t\t\t\t\t<div class=\"elementor-icon-box-wrapper\">\n\n\t\t\t\t\t\t<div class=\"elementor-icon-box-icon\">\n\t\t\t\t<span  class=\"elementor-icon\">\n\t\t\t\t<i aria-hidden=\"true\" class=\"vamtamtheme- vamtam-theme-line-titles\"><\/i>\t\t\t\t<\/span>\n\t\t\t<\/div>\n\t\t\t\n\t\t\t\t\t\t<div class=\"elementor-icon-box-content\">\n\n\t\t\t\t\t\t\t\t\t<span class=\"elementor-icon-box-title\">\n\t\t\t\t\t\t<span  >\n\t\t\t\t\t\t\tUltraschalluntersuchung der H\u00fcften von Neugeborenen in der Rotim-Poliklinik\t\t\t\t\t\t<\/span>\n\t\t\t\t\t<\/span>\n\t\t\t\t\n\t\t\t\t\n\t\t\t<\/div>\n\t\t\t\n\t\t<\/div>\n\t\t\t\t\t\t<\/div>\n\t\t\t\t<\/div>\n\t\t\t\t<div class=\"elementor-element elementor-element-8348486 elementor-widget elementor-widget-heading\" data-id=\"8348486\" data-element_type=\"widget\" data-e-type=\"widget\" data-widget_type=\"heading.default\">\n\t\t\t\t<div class=\"elementor-widget-container\">\n\t\t\t\t\t<h1 class=\"elementor-heading-title elementor-size-default\">Ultraschalluntersuchung der H\u00fcften von Neugeborenen<\/h1>\t\t\t\t<\/div>\n\t\t\t\t<\/div>\n\t\t\t\t\t<\/div>\n\t\t<\/div>\n\t\t\t\t<div class=\"elementor-column elementor-col-50 elementor-top-column elementor-element elementor-element-a777c74\" data-id=\"a777c74\" data-element_type=\"column\" data-e-type=\"column\">\n\t\t\t<div class=\"elementor-widget-wrap elementor-element-populated\">\n\t\t\t\t\t\t<div class=\"vamtam-has-theme-widget-styles elementor-element elementor-element-bfd00b3 elementor-widget elementor-widget-text-editor\" data-id=\"bfd00b3\" data-element_type=\"widget\" data-e-type=\"widget\" data-widget_type=\"text-editor.default\">\n\t\t\t\t<div class=\"elementor-widget-container\">\n\t\t\t\t\t\t\t\t\t<p>Die Ultraschalluntersuchung der H\u00fcfte ist ein wichtiges Diagnoseverfahren, das die Fr\u00fcherkennung m\u00f6glicher Probleme mit der H\u00fcftentwicklung bei Neugeborenen erm\u00f6glicht.<\/p>\n\t\t\t\t\t\t\t\t<\/div>\n\t\t\t\t<\/div>\n\t\t\t\t\t<\/div>\n\t\t<\/div>\n\t\t\t\t\t<\/div>\n\t\t<\/section>\n\t\t\t\t<section class=\"elementor-section elementor-top-section elementor-element elementor-element-3b822de elementor-section-full_width elementor-section-height-min-height elementor-section-stretched elementor-section-height-default elementor-section-items-middle\" data-id=\"3b822de\" data-element_type=\"section\" data-e-type=\"section\" data-settings=\"{&quot;background_background&quot;:&quot;classic&quot;,&quot;stretch_section&quot;:&quot;section-stretched&quot;}\">\n\t\t\t\t\t\t<div class=\"elementor-container elementor-column-gap-default\">\n\t\t\t\t\t<div class=\"elementor-column elementor-col-100 elementor-top-column elementor-element elementor-element-ca5bd0f\" data-id=\"ca5bd0f\" data-element_type=\"column\" data-e-type=\"column\">\n\t\t\t<div class=\"elementor-widget-wrap\">\n\t\t\t\t\t\t\t<\/div>\n\t\t<\/div>\n\t\t\t\t\t<\/div>\n\t\t<\/section>\n\t\t\t\t<section class=\"elementor-section elementor-top-section elementor-element elementor-element-befe585 elementor-section-content-middle elementor-section-boxed elementor-section-height-default elementor-section-height-default\" data-id=\"befe585\" data-element_type=\"section\" data-e-type=\"section\">\n\t\t\t\t\t\t<div class=\"elementor-container elementor-column-gap-no\">\n\t\t\t\t\t<div class=\"elementor-column elementor-col-50 elementor-top-column elementor-element elementor-element-b98ea70\" data-id=\"b98ea70\" data-element_type=\"column\" data-e-type=\"column\">\n\t\t\t<div class=\"elementor-widget-wrap elementor-element-populated\">\n\t\t\t\t\t\t<div class=\"vamtam-has-theme-widget-styles elementor-element elementor-element-c6d1236 elementor-widget elementor-widget-text-editor\" data-id=\"c6d1236\" data-element_type=\"widget\" data-e-type=\"widget\" data-widget_type=\"text-editor.default\">\n\t\t\t\t<div class=\"elementor-widget-container\">\n\t\t\t\t\t\t\t\t\t<p>Unser erfahrenes Expertenteam bietet pr\u00e4zise und schnelle Diagnostik, um m\u00f6glichen Komplikationen vorzubeugen und die gesunde Entwicklung Ihres Babys zu gew\u00e4hrleisten. Die Ultraschalluntersuchung der H\u00fcfte ist entscheidend f\u00fcr die Fr\u00fcherkennung von H\u00fcftentwicklungsst\u00f6rungen bei Neugeborenen. Diese Untersuchung ist wichtig, da sie die rechtzeitige Erkennung m\u00f6glicher Auff\u00e4lligkeiten erm\u00f6glicht, sodass fr\u00fchzeitig geeignete Ma\u00dfnahmen ergriffen werden k\u00f6nnen, um schwerwiegendere Folgen in der Zukunft zu vermeiden.  <\/p>\n<p>Eine H\u00fcftultraschalluntersuchung ist bei jedem Neugeborenen Standard und obligatorisch, da sie hilft, Probleme wie H\u00fcftdysplasie und andere Erkrankungen, die die korrekte Entwicklung der H\u00fcfte beeintr\u00e4chtigen k\u00f6nnen, zu erkennen. Eine fr\u00fchzeitige Diagnose und Behandlung k\u00f6nnen den Heilungsverlauf deutlich verbessern und ein optimales Wachstum und eine gesunde Entwicklung des Kindes erm\u00f6glichen. <\/p>\t\t\t\t\t\t\t\t<\/div>\n\t\t\t\t<\/div>\n\t\t\t\t\t<\/div>\n\t\t<\/div>\n\t\t\t\t<div class=\"elementor-column elementor-col-50 elementor-top-column elementor-element elementor-element-f71dae5\" data-id=\"f71dae5\" data-element_type=\"column\" data-e-type=\"column\">\n\t\t\t<div class=\"elementor-widget-wrap elementor-element-populated\">\n\t\t\t\t\t\t<div class=\"vamtam-has-theme-widget-styles elementor-element elementor-element-78b65f0 elementor-widget elementor-widget-text-editor\" data-id=\"78b65f0\" data-element_type=\"widget\" data-e-type=\"widget\" data-widget_type=\"text-editor.default\">\n\t\t\t\t<div class=\"elementor-widget-container\">\n\t\t\t\t\t\t\t\t\t<p>Die Ultraschalluntersuchung der H\u00fcfte ist schmerzlos, schnell und sicher. Mithilfe von Ultraschall erhalten Experten einen detaillierten Einblick in die Struktur und Funktion der H\u00fcften ihres Babys und gewinnen so wichtige Informationen \u00fcber m\u00f6gliche Probleme. Eltern k\u00f6nnen bei der Untersuchung anwesend sein und sich so sicher und gut informiert \u00fcber die Gesundheit ihres Babys f\u00fchlen.  <\/p>\n<p>Sorgen Sie f\u00fcr die beste Versorgung Ihres Kindes von klein auf. Kontaktieren Sie uns und vereinbaren Sie einen Termin f\u00fcr eine H\u00fcftultraschalluntersuchung bei unseren Experten in der Rotim Poliklinik, um Ihrem Kind einen gesunden Start ins Leben zu erm\u00f6glichen. <\/p>\t\t\t\t\t\t\t\t<\/div>\n\t\t\t\t<\/div>\n\t\t\t\t\t<\/div>\n\t\t<\/div>\n\t\t\t\t\t<\/div>\n\t\t<\/section>\n\t\t\t\t<\/div>\n\t\t","protected":false},"excerpt":{"rendered":"<p>Ultraschalluntersuchung der H\u00fcften von Neugeborenen in der Rotim-Poliklinik Ultraschalluntersuchung der H\u00fcften von Neugeborenen Die Ultraschalluntersuchung der H\u00fcfte ist ein wichtiges Diagnoseverfahren, das die Fr\u00fcherkennung m\u00f6glicher Probleme mit der H\u00fcftentwicklung bei Neugeborenen erm\u00f6glicht. Unser erfahrenes Expertenteam bietet pr\u00e4zise und schnelle Diagnostik, um m\u00f6glichen Komplikationen vorzubeugen und die gesunde Entwicklung Ihres Babys zu gew\u00e4hrleisten. Die Ultraschalluntersuchung der&#8230;<\/p>\n","protected":false},"author":4,"featured_media":0,"parent":990589,"menu_order":0,"comment_status":"closed","ping_status":"closed","template":"","meta":{"footnotes":""},"class_list":["post-992097","page","type-page","status-publish","hentry"],"_links":{"self":[{"href":"https:\/\/rotim.hr\/de\/wp-json\/wp\/v2\/pages\/992097","targetHints":{"allow":["GET"]}}],"collection":[{"href":"https:\/\/rotim.hr\/de\/wp-json\/wp\/v2\/pages"}],"about":[{"href":"https:\/\/rotim.hr\/de\/wp-json\/wp\/v2\/types\/page"}],"author":[{"embeddable":true,"href":"https:\/\/rotim.hr\/de\/wp-json\/wp\/v2\/users\/4"}],"replies":[{"embeddable":true,"href":"https:\/\/rotim.hr\/de\/wp-json\/wp\/v2\/comments?post=992097"}],"version-history":[{"count":2,"href":"https:\/\/rotim.hr\/de\/wp-json\/wp\/v2\/pages\/992097\/revisions"}],"predecessor-version":[{"id":994775,"href":"https:\/\/rotim.hr\/de\/wp-json\/wp\/v2\/pages\/992097\/revisions\/994775"}],"up":[{"embeddable":true,"href":"https:\/\/rotim.hr\/de\/wp-json\/wp\/v2\/pages\/990589"}],"wp:attachment":[{"href":"https:\/\/rotim.hr\/de\/wp-json\/wp\/v2\/media?parent=992097"}],"curies":[{"name":"wp","href":"https:\/\/api.w.org\/{rel}","templated":true}]}}