{"id":994818,"date":"2023-02-14T10:46:14","date_gmt":"2023-02-14T09:46:14","guid":{"rendered":"https:\/\/rotim.hr\/behandlungen-und-dienstleistungen\/neurologie\/elektromyographie-emg\/"},"modified":"2026-03-10T16:43:18","modified_gmt":"2026-03-10T15:43:18","slug":"elektromyographie-emg","status":"publish","type":"page","link":"https:\/\/rotim.hr\/de\/behandlungen-und-dienstleistungen\/neurologie\/elektromyographie-emg\/","title":{"rendered":"Elektromyographie (EMG)"},"content":{"rendered":"\t\t<div data-elementor-type=\"wp-page\" data-elementor-id=\"994818\" class=\"elementor elementor-994818 elementor-988478\" data-elementor-post-type=\"page\">\n\t\t\t\t\t\t<section class=\"elementor-section elementor-top-section elementor-element elementor-element-3247476 elementor-section-boxed elementor-section-height-default elementor-section-height-default\" data-id=\"3247476\" data-element_type=\"section\" data-e-type=\"section\">\n\t\t\t\t\t\t<div class=\"elementor-container elementor-column-gap-no\">\n\t\t\t\t\t<div class=\"elementor-column elementor-col-50 elementor-top-column elementor-element elementor-element-30e7761\" data-id=\"30e7761\" data-element_type=\"column\" data-e-type=\"column\">\n\t\t\t<div class=\"elementor-widget-wrap elementor-element-populated\">\n\t\t\t\t\t\t<div class=\"elementor-element elementor-element-8708c90 elementor-position-inline-end elementor-widget__width-auto elementor-mobile-position-inline-end elementor-widget-mobile__width-auto elementor-view-default elementor-invisible elementor-widget elementor-widget-icon-box\" data-id=\"8708c90\" data-element_type=\"widget\" data-e-type=\"widget\" data-settings=\"{&quot;_animation&quot;:&quot;slideInUp&quot;}\" data-widget_type=\"icon-box.default\">\n\t\t\t\t<div class=\"elementor-widget-container\">\n\t\t\t\t\t\t\t<div class=\"elementor-icon-box-wrapper\">\n\n\t\t\t\t\t\t<div class=\"elementor-icon-box-icon\">\n\t\t\t\t<span  class=\"elementor-icon\">\n\t\t\t\t<i aria-hidden=\"true\" class=\"vamtamtheme- vamtam-theme-line-titles\"><\/i>\t\t\t\t<\/span>\n\t\t\t<\/div>\n\t\t\t\n\t\t\t\t\t\t<div class=\"elementor-icon-box-content\">\n\n\t\t\t\t\t\t\t\t\t<span class=\"elementor-icon-box-title\">\n\t\t\t\t\t\t<span  >\n\t\t\t\t\t\t\tElektromyographie in der Rotim-Poliklinik\t\t\t\t\t\t<\/span>\n\t\t\t\t\t<\/span>\n\t\t\t\t\n\t\t\t\t\n\t\t\t<\/div>\n\t\t\t\n\t\t<\/div>\n\t\t\t\t\t\t<\/div>\n\t\t\t\t<\/div>\n\t\t\t\t<div class=\"elementor-element elementor-element-8348486 elementor-widget elementor-widget-heading\" data-id=\"8348486\" data-element_type=\"widget\" data-e-type=\"widget\" data-widget_type=\"heading.default\">\n\t\t\t\t<div class=\"elementor-widget-container\">\n\t\t\t\t\t<h1 class=\"elementor-heading-title elementor-size-default\">Elektromyographie (EMG)<\/h1>\t\t\t\t<\/div>\n\t\t\t\t<\/div>\n\t\t\t\t\t<\/div>\n\t\t<\/div>\n\t\t\t\t<div class=\"elementor-column elementor-col-50 elementor-top-column elementor-element elementor-element-a777c74\" data-id=\"a777c74\" data-element_type=\"column\" data-e-type=\"column\">\n\t\t\t<div class=\"elementor-widget-wrap elementor-element-populated\">\n\t\t\t\t\t\t<div class=\"vamtam-has-theme-widget-styles elementor-element elementor-element-bfd00b3 elementor-widget elementor-widget-text-editor\" data-id=\"bfd00b3\" data-element_type=\"widget\" data-e-type=\"widget\" data-widget_type=\"text-editor.default\">\n\t\t\t\t<div class=\"elementor-widget-container\">\n\t\t\t\t\t\t\t\t\t<p>  Die Elektromyographie ist eine medizinische Untersuchungsmethode zur Beurteilung der Nervenfaserfunktion und der Muskeleigenschaften. Dabei wird der Fluss elektrischer Energie durch einen Muskel gemessen. <\/p>\n<p><span lang=\"hr\" style=\"font-size: 11.0pt; line-height: 115%; font-family: 'Arial',sans-serif; mso-fareast-font-family: Arial; mso-ansi-language: #001A; mso-fareast-language: EN-GB; mso-bidi-language: AR-SA;\"> <\/span><\/p>\n\t\t\t\t\t\t\t\t<\/div>\n\t\t\t\t<\/div>\n\t\t\t\t\t<\/div>\n\t\t<\/div>\n\t\t\t\t\t<\/div>\n\t\t<\/section>\n\t\t\t\t<section class=\"elementor-section elementor-top-section elementor-element elementor-element-3b822de elementor-section-full_width elementor-section-height-min-height elementor-section-stretched elementor-section-height-default elementor-section-items-middle\" data-id=\"3b822de\" data-element_type=\"section\" data-e-type=\"section\" data-settings=\"{&quot;background_background&quot;:&quot;classic&quot;,&quot;stretch_section&quot;:&quot;section-stretched&quot;}\">\n\t\t\t\t\t\t<div class=\"elementor-container elementor-column-gap-default\">\n\t\t\t\t\t<div class=\"elementor-column elementor-col-100 elementor-top-column elementor-element elementor-element-ca5bd0f\" data-id=\"ca5bd0f\" data-element_type=\"column\" data-e-type=\"column\">\n\t\t\t<div class=\"elementor-widget-wrap\">\n\t\t\t\t\t\t\t<\/div>\n\t\t<\/div>\n\t\t\t\t\t<\/div>\n\t\t<\/section>\n\t\t\t\t<section class=\"elementor-section elementor-top-section elementor-element elementor-element-befe585 elementor-section-content-middle elementor-section-boxed elementor-section-height-default elementor-section-height-default\" data-id=\"befe585\" data-element_type=\"section\" data-e-type=\"section\">\n\t\t\t\t\t\t<div class=\"elementor-container elementor-column-gap-no\">\n\t\t\t\t\t<div class=\"elementor-column elementor-col-50 elementor-top-column elementor-element elementor-element-b98ea70\" data-id=\"b98ea70\" data-element_type=\"column\" data-e-type=\"column\">\n\t\t\t<div class=\"elementor-widget-wrap elementor-element-populated\">\n\t\t\t\t\t\t<div class=\"elementor-element elementor-element-616dade elementor-widget elementor-widget-heading\" data-id=\"616dade\" data-element_type=\"widget\" data-e-type=\"widget\" data-widget_type=\"heading.default\">\n\t\t\t\t<div class=\"elementor-widget-container\">\n\t\t\t\t\t<h3 class=\"elementor-heading-title elementor-size-default\">  Eine elektromyographische Untersuchung kann auf zwei Arten durchgef\u00fchrt werden.<\/h3>\t\t\t\t<\/div>\n\t\t\t\t<\/div>\n\t\t\t\t<div class=\"vamtam-has-theme-widget-styles elementor-element elementor-element-78b65f0 elementor-widget elementor-widget-text-editor\" data-id=\"78b65f0\" data-element_type=\"widget\" data-e-type=\"widget\" data-widget_type=\"text-editor.default\">\n\t\t\t\t<div class=\"elementor-widget-container\">\n\t\t\t\t\t\t\t\t\t<p>  Die erste Methode besteht darin, Nadeln in den Muskel einzuf\u00fchren und die St\u00e4rke des elektrischen Stroms zu messen.  <strong>Dieses Verfahren wird als invasive Elektromyographie bezeichnet.<\/strong><\/p>\n<p>Eine weitere M\u00f6glichkeit zur Durchf\u00fchrung einer elektromyographischen Untersuchung ist die Durchf\u00fchrung einer nicht-invasiven elektromyographischen Untersuchung.<\/p>\n<p>Die dritte M\u00f6glichkeit zur Durchf\u00fchrung einer elektromyographischen Untersuchung ist die Anwendung der Nadelelektroden-Elektromyographie.<\/p>\n\t\t\t\t\t\t\t\t<\/div>\n\t\t\t\t<\/div>\n\t\t\t\t\t<\/div>\n\t\t<\/div>\n\t\t\t\t<div class=\"elementor-column elementor-col-50 elementor-top-column elementor-element elementor-element-f71dae5 elementor-hidden-mobile elementor-hidden-tablet\" data-id=\"f71dae5\" data-element_type=\"column\" data-e-type=\"column\">\n\t\t\t<div class=\"elementor-widget-wrap elementor-element-populated\">\n\t\t\t\t\t\t<div class=\"elementor-element elementor-element-7ed94e3 elementor-widget elementor-widget-image\" data-id=\"7ed94e3\" data-element_type=\"widget\" data-e-type=\"widget\" data-widget_type=\"image.default\">\n\t\t\t\t<div class=\"elementor-widget-container\">\n\t\t\t\t\t\t\t\t\t\t\t\t\t\t\t<img fetchpriority=\"high\" decoding=\"async\" width=\"1024\" height=\"683\" src=\"https:\/\/rotim.hr\/wp-content\/uploads\/2023\/01\/slider03-1024x683.jpg\" class=\"attachment-large size-large wp-image-987684\" alt=\"\" srcset=\"https:\/\/rotim.hr\/wp-content\/uploads\/2023\/01\/slider03-1024x683.jpg 1024w, https:\/\/rotim.hr\/wp-content\/uploads\/2023\/01\/slider03-300x200.jpg 300w, https:\/\/rotim.hr\/wp-content\/uploads\/2023\/01\/slider03-768x512.jpg 768w, https:\/\/rotim.hr\/wp-content\/uploads\/2023\/01\/slider03-1536x1024.jpg 1536w, https:\/\/rotim.hr\/wp-content\/uploads\/2023\/01\/slider03-2048x1366.jpg 2048w\" sizes=\"(max-width: 1024px) 100vw, 1024px\" \/>\t\t\t\t\t\t\t\t\t\t\t\t\t\t\t<\/div>\n\t\t\t\t<\/div>\n\t\t\t\t\t<\/div>\n\t\t<\/div>\n\t\t\t\t\t<\/div>\n\t\t<\/section>\n\t\t\t\t<section class=\"elementor-section elementor-top-section elementor-element elementor-element-37344b29 elementor-section-boxed elementor-section-height-default elementor-section-height-default\" data-id=\"37344b29\" data-element_type=\"section\" data-e-type=\"section\" data-settings=\"{&quot;background_background&quot;:&quot;classic&quot;}\">\n\t\t\t\t\t\t<div class=\"elementor-container elementor-column-gap-no\">\n\t\t\t\t\t<div class=\"elementor-column elementor-col-50 elementor-top-column elementor-element elementor-element-160a9c5\" data-id=\"160a9c5\" data-element_type=\"column\" data-e-type=\"column\">\n\t\t\t<div class=\"elementor-widget-wrap elementor-element-populated\">\n\t\t\t\t\t\t<div class=\"elementor-element elementor-element-b3567c7 elementor-widget elementor-widget-image\" data-id=\"b3567c7\" data-element_type=\"widget\" data-e-type=\"widget\" data-widget_type=\"image.default\">\n\t\t\t\t<div class=\"elementor-widget-container\">\n\t\t\t\t\t\t\t\t\t\t\t\t\t\t\t<img decoding=\"async\" width=\"1024\" height=\"683\" src=\"https:\/\/rotim.hr\/wp-content\/uploads\/2023\/01\/MRI-podnaslovna-1024x683.jpg\" class=\"attachment-large size-large wp-image-987961\" alt=\"\" srcset=\"https:\/\/rotim.hr\/wp-content\/uploads\/2023\/01\/MRI-podnaslovna-1024x683.jpg 1024w, https:\/\/rotim.hr\/wp-content\/uploads\/2023\/01\/MRI-podnaslovna-300x200.jpg 300w, https:\/\/rotim.hr\/wp-content\/uploads\/2023\/01\/MRI-podnaslovna-768x512.jpg 768w, https:\/\/rotim.hr\/wp-content\/uploads\/2023\/01\/MRI-podnaslovna.jpg 1300w\" sizes=\"(max-width: 1024px) 100vw, 1024px\" \/>\t\t\t\t\t\t\t\t\t\t\t\t\t\t\t<\/div>\n\t\t\t\t<\/div>\n\t\t\t\t\t<\/div>\n\t\t<\/div>\n\t\t\t\t<div class=\"elementor-column elementor-col-50 elementor-top-column elementor-element elementor-element-51c63eb5\" data-id=\"51c63eb5\" data-element_type=\"column\" data-e-type=\"column\">\n\t\t\t<div class=\"elementor-widget-wrap elementor-element-populated\">\n\t\t\t\t\t\t<div class=\"elementor-element elementor-element-7a520e2d elementor-position-inline-end elementor-widget__width-auto elementor-mobile-position-inline-end elementor-view-default elementor-invisible elementor-widget elementor-widget-icon-box\" data-id=\"7a520e2d\" data-element_type=\"widget\" data-e-type=\"widget\" data-settings=\"{&quot;_animation&quot;:&quot;slideInUp&quot;}\" data-widget_type=\"icon-box.default\">\n\t\t\t\t<div class=\"elementor-widget-container\">\n\t\t\t\t\t\t\t<div class=\"elementor-icon-box-wrapper\">\n\n\t\t\t\t\t\t<div class=\"elementor-icon-box-icon\">\n\t\t\t\t<span  class=\"elementor-icon\">\n\t\t\t\t<i aria-hidden=\"true\" class=\"vamtamtheme- vamtam-theme-line-titles\"><\/i>\t\t\t\t<\/span>\n\t\t\t<\/div>\n\t\t\t\n\t\t\t\t\t\t<div class=\"elementor-icon-box-content\">\n\n\t\t\t\t\t\t\t\t\t<span class=\"elementor-icon-box-title\">\n\t\t\t\t\t\t<span  >\n\t\t\t\t\t\t\tElektromyographie in der Rotim-Poliklinik\t\t\t\t\t\t<\/span>\n\t\t\t\t\t<\/span>\n\t\t\t\t\n\t\t\t\t\n\t\t\t<\/div>\n\t\t\t\n\t\t<\/div>\n\t\t\t\t\t\t<\/div>\n\t\t\t\t<\/div>\n\t\t\t\t<div class=\"elementor-element elementor-element-11b37ecb elementor-widget elementor-widget-heading\" data-id=\"11b37ecb\" data-element_type=\"widget\" data-e-type=\"widget\" data-widget_type=\"heading.default\">\n\t\t\t\t<div class=\"elementor-widget-container\">\n\t\t\t\t\t<h2 class=\"elementor-heading-title elementor-size-default\">Eine elektromyographische Untersuchung liefert Informationen \u00fcber die St\u00e4rke, Geschwindigkeit und Qualit\u00e4t der Muskelkontraktion sowie \u00fcber die St\u00e4rke des Muskeltonus.  <\/h2>\t\t\t\t<\/div>\n\t\t\t\t<\/div>\n\t\t\t\t<div class=\"vamtam-has-theme-widget-styles elementor-element elementor-element-4f120210 elementor-widget__width-initial elementor-widget elementor-widget-text-editor\" data-id=\"4f120210\" data-element_type=\"widget\" data-e-type=\"widget\" data-widget_type=\"text-editor.default\">\n\t\t\t\t<div class=\"elementor-widget-container\">\n\t\t\t\t\t\t\t\t\t<p>Der ideale Kandidat f\u00fcr eine elektromyographische Untersuchung sind Menschen mit Symptomen wie unerkl\u00e4rlichen Muskelschmerzen und -schw\u00e4che oder Muskelerkrankungen, wie beispielsweise einigen neuromuskul\u00e4ren Erkrankungen und Myopathien.<\/p>\n<p>Ben\u00f6tigen Sie diese Untersuchung, m\u00f6chten Sie sie buchen oder m\u00f6chten Sie einfach mehr \u00fcber Elektromyographie erfahren?<\/p>\n<p><strong>Hinterlassen Sie uns Ihre Kontaktdaten, wir werden uns schnellstm\u00f6glich mit Ihnen in Verbindung setzen.<\/strong><\/p>\n\t\t\t\t\t\t\t\t<\/div>\n\t\t\t\t<\/div>\n\t\t\t\t\t<\/div>\n\t\t<\/div>\n\t\t\t\t\t<\/div>\n\t\t<\/section>\n\t\t\t\t<\/div>\n\t\t","protected":false},"excerpt":{"rendered":"<p>Elektromyographie in der Rotim-Poliklinik Elektromyographie (EMG) Die Elektromyographie ist eine medizinische Untersuchungsmethode zur Beurteilung der Nervenfaserfunktion und der Muskeleigenschaften. Dabei wird der Fluss elektrischer Energie durch einen Muskel gemessen. Eine elektromyographische Untersuchung kann auf zwei Arten durchgef\u00fchrt werden. Die erste Methode besteht darin, Nadeln in den Muskel einzuf\u00fchren und die St\u00e4rke des elektrischen Stroms zu&#8230;<\/p>\n","protected":false},"author":4,"featured_media":0,"parent":990822,"menu_order":1,"comment_status":"closed","ping_status":"closed","template":"","meta":{"footnotes":""},"class_list":["post-994818","page","type-page","status-publish","hentry"],"_links":{"self":[{"href":"https:\/\/rotim.hr\/de\/wp-json\/wp\/v2\/pages\/994818","targetHints":{"allow":["GET"]}}],"collection":[{"href":"https:\/\/rotim.hr\/de\/wp-json\/wp\/v2\/pages"}],"about":[{"href":"https:\/\/rotim.hr\/de\/wp-json\/wp\/v2\/types\/page"}],"author":[{"embeddable":true,"href":"https:\/\/rotim.hr\/de\/wp-json\/wp\/v2\/users\/4"}],"replies":[{"embeddable":true,"href":"https:\/\/rotim.hr\/de\/wp-json\/wp\/v2\/comments?post=994818"}],"version-history":[{"count":1,"href":"https:\/\/rotim.hr\/de\/wp-json\/wp\/v2\/pages\/994818\/revisions"}],"predecessor-version":[{"id":994819,"href":"https:\/\/rotim.hr\/de\/wp-json\/wp\/v2\/pages\/994818\/revisions\/994819"}],"up":[{"embeddable":true,"href":"https:\/\/rotim.hr\/de\/wp-json\/wp\/v2\/pages\/990822"}],"wp:attachment":[{"href":"https:\/\/rotim.hr\/de\/wp-json\/wp\/v2\/media?parent=994818"}],"curies":[{"name":"wp","href":"https:\/\/api.w.org\/{rel}","templated":true}]}}