{"id":990766,"date":"2023-01-30T22:41:06","date_gmt":"2023-01-30T21:41:06","guid":{"rendered":"https:\/\/rotim.hr\/risonanza-magnetica\/magnetska-rezonancija\/"},"modified":"2026-03-10T16:35:25","modified_gmt":"2026-03-10T15:35:25","slug":"risonanza-magnetica-mri","status":"publish","type":"page","link":"https:\/\/rotim.hr\/it\/risonanza-magnetica\/risonanza-magnetica-mri\/","title":{"rendered":"Risonanza magnetica per immagini"},"content":{"rendered":"\t\t<div data-elementor-type=\"wp-page\" data-elementor-id=\"990766\" class=\"elementor elementor-990766 elementor-987949\" data-elementor-post-type=\"page\">\n\t\t\t\t\t\t<section class=\"elementor-section elementor-top-section elementor-element elementor-element-3247476 elementor-section-boxed elementor-section-height-default elementor-section-height-default\" data-id=\"3247476\" data-element_type=\"section\" data-e-type=\"section\">\n\t\t\t\t\t\t<div class=\"elementor-container elementor-column-gap-no\">\n\t\t\t\t\t<div class=\"elementor-column elementor-col-50 elementor-top-column elementor-element elementor-element-30e7761\" data-id=\"30e7761\" data-element_type=\"column\" data-e-type=\"column\">\n\t\t\t<div class=\"elementor-widget-wrap elementor-element-populated\">\n\t\t\t\t\t\t<div class=\"elementor-element elementor-element-8708c90 elementor-position-inline-end elementor-widget__width-auto elementor-mobile-position-inline-end elementor-widget-mobile__width-auto elementor-view-default elementor-invisible elementor-widget elementor-widget-icon-box\" data-id=\"8708c90\" data-element_type=\"widget\" data-e-type=\"widget\" data-settings=\"{&quot;_animation&quot;:&quot;slideInUp&quot;}\" data-widget_type=\"icon-box.default\">\n\t\t\t\t<div class=\"elementor-widget-container\">\n\t\t\t\t\t\t\t<div class=\"elementor-icon-box-wrapper\">\n\n\t\t\t\t\t\t<div class=\"elementor-icon-box-icon\">\n\t\t\t\t<span  class=\"elementor-icon\">\n\t\t\t\t<i aria-hidden=\"true\" class=\"vamtamtheme- vamtam-theme-line-titles\"><\/i>\t\t\t\t<\/span>\n\t\t\t<\/div>\n\t\t\t\n\t\t\t\t\t\t<div class=\"elementor-icon-box-content\">\n\n\t\t\t\t\t\t\t\t\t<span class=\"elementor-icon-box-title\">\n\t\t\t\t\t\t<span  >\n\t\t\t\t\t\t\tServizi\t\t\t\t\t\t<\/span>\n\t\t\t\t\t<\/span>\n\t\t\t\t\n\t\t\t\t\n\t\t\t<\/div>\n\t\t\t\n\t\t<\/div>\n\t\t\t\t\t\t<\/div>\n\t\t\t\t<\/div>\n\t\t\t\t\t<\/div>\n\t\t<\/div>\n\t\t\t\t<div class=\"elementor-column elementor-col-50 elementor-top-column elementor-element elementor-element-a777c74\" data-id=\"a777c74\" data-element_type=\"column\" data-e-type=\"column\">\n\t\t\t<div class=\"elementor-widget-wrap elementor-element-populated\">\n\t\t\t\t\t\t<div class=\"vamtam-has-theme-widget-styles elementor-element elementor-element-bfd00b3 elementor-widget elementor-widget-text-editor\" data-id=\"bfd00b3\" data-element_type=\"widget\" data-e-type=\"widget\" data-widget_type=\"text-editor.default\">\n\t\t\t\t<div class=\"elementor-widget-container\">\n\t\t\t\t\t\t\t\t\t<p><span style=\"font-family: Arial, sans-serif;\"><span style=\"font-size: 14.6667px;\">Risonanza magnetica all&#8217;avanguardia con intelligenza artificiale.<\/span><\/span><\/p>\n<p><span style=\"font-family: Arial, sans-serif;\"><span style=\"font-size: 14.6667px;\">Nessuna attesa per un appuntamento.<\/span><\/span><\/p>\n<p><span style=\"font-family: Arial, sans-serif;\"><span style=\"font-size: 14.6667px;\">Risultati disponibili il giorno stesso o il giorno successivo.<\/span><\/span><\/p>\n<p><span style=\"font-family: Arial, sans-serif;\"><span style=\"font-size: 14.6667px;\"> <\/span><\/span><\/p>\n\t\t\t\t\t\t\t\t<\/div>\n\t\t\t\t<\/div>\n\t\t\t\t\t<\/div>\n\t\t<\/div>\n\t\t\t\t\t<\/div>\n\t\t<\/section>\n\t\t\t\t<section class=\"elementor-section elementor-top-section elementor-element elementor-element-3b822de elementor-section-full_width elementor-section-height-min-height elementor-section-stretched elementor-section-height-default elementor-section-items-middle\" data-id=\"3b822de\" data-element_type=\"section\" data-e-type=\"section\" data-settings=\"{&quot;background_background&quot;:&quot;classic&quot;,&quot;stretch_section&quot;:&quot;section-stretched&quot;}\">\n\t\t\t\t\t\t<div class=\"elementor-container elementor-column-gap-default\">\n\t\t\t\t\t<div class=\"elementor-column elementor-col-100 elementor-top-column elementor-element elementor-element-ca5bd0f\" data-id=\"ca5bd0f\" data-element_type=\"column\" data-e-type=\"column\" data-settings=\"{&quot;background_background&quot;:&quot;slideshow&quot;,&quot;background_slideshow_gallery&quot;:[],&quot;background_slideshow_loop&quot;:&quot;yes&quot;,&quot;background_slideshow_slide_duration&quot;:5000,&quot;background_slideshow_slide_transition&quot;:&quot;fade&quot;,&quot;background_slideshow_transition_duration&quot;:500}\">\n\t\t\t<div class=\"elementor-widget-wrap\">\n\t\t\t\t\t\t\t<\/div>\n\t\t<\/div>\n\t\t\t\t\t<\/div>\n\t\t<\/section>\n\t\t\t\t<section class=\"elementor-section elementor-top-section elementor-element elementor-element-97ba92d elementor-section-boxed elementor-section-height-default elementor-section-height-default\" data-id=\"97ba92d\" data-element_type=\"section\" data-e-type=\"section\">\n\t\t\t\t\t\t<div class=\"elementor-container elementor-column-gap-default\">\n\t\t\t\t\t<div class=\"elementor-column elementor-col-100 elementor-top-column elementor-element elementor-element-ddf4680\" data-id=\"ddf4680\" data-element_type=\"column\" data-e-type=\"column\">\n\t\t\t<div class=\"elementor-widget-wrap elementor-element-populated\">\n\t\t\t\t\t\t<div class=\"elementor-element elementor-element-1afb97d elementor-widget elementor-widget-heading\" data-id=\"1afb97d\" data-element_type=\"widget\" data-e-type=\"widget\" data-widget_type=\"heading.default\">\n\t\t\t\t<div class=\"elementor-widget-container\">\n\t\t\t\t\t<h2 class=\"elementor-heading-title elementor-size-default\">Elenco degli esami di risonanza magnetica presso il Policlinico Rotim<\/h2>\t\t\t\t<\/div>\n\t\t\t\t<\/div>\n\t\t\t\t\t<\/div>\n\t\t<\/div>\n\t\t\t\t\t<\/div>\n\t\t<\/section>\n\t\t\t\t<section class=\"elementor-section elementor-top-section elementor-element elementor-element-befe585 elementor-section-content-middle elementor-section-boxed elementor-section-height-default elementor-section-height-default\" data-id=\"befe585\" data-element_type=\"section\" data-e-type=\"section\">\n\t\t\t\t\t\t<div class=\"elementor-container elementor-column-gap-no\">\n\t\t\t\t\t<div class=\"elementor-column elementor-col-50 elementor-top-column elementor-element elementor-element-f71dae5\" data-id=\"f71dae5\" data-element_type=\"column\" data-e-type=\"column\">\n\t\t\t<div class=\"elementor-widget-wrap elementor-element-populated\">\n\t\t\t\t\t\t<div class=\"elementor-element elementor-element-85a37f2 elementor-widget elementor-widget-heading\" data-id=\"85a37f2\" data-element_type=\"widget\" data-e-type=\"widget\" data-widget_type=\"heading.default\">\n\t\t\t\t<div class=\"elementor-widget-container\">\n\t\t\t\t\t<h3 class=\"elementor-heading-title elementor-size-default\">Zagabria<\/h3>\t\t\t\t<\/div>\n\t\t\t\t<\/div>\n\t\t\t\t<div class=\"elementor-element elementor-element-51301b6 elementor-widget elementor-widget-image\" data-id=\"51301b6\" data-element_type=\"widget\" data-e-type=\"widget\" data-widget_type=\"image.default\">\n\t\t\t\t<div class=\"elementor-widget-container\">\n\t\t\t\t\t\t\t\t\t\t\t\t\t\t\t<img fetchpriority=\"high\" decoding=\"async\" width=\"768\" height=\"511\" src=\"https:\/\/rotim.hr\/wp-content\/uploads\/2026\/03\/zagreb-magnet-web-768x511.jpg\" class=\"attachment-medium_large size-medium_large wp-image-994504\" alt=\"\" srcset=\"https:\/\/rotim.hr\/wp-content\/uploads\/2026\/03\/zagreb-magnet-web-768x511.jpg 768w, https:\/\/rotim.hr\/wp-content\/uploads\/2026\/03\/zagreb-magnet-web-300x200.jpg 300w, https:\/\/rotim.hr\/wp-content\/uploads\/2026\/03\/zagreb-magnet-web-1024x682.jpg 1024w, https:\/\/rotim.hr\/wp-content\/uploads\/2026\/03\/zagreb-magnet-web-1536x1022.jpg 1536w, https:\/\/rotim.hr\/wp-content\/uploads\/2026\/03\/zagreb-magnet-web.jpg 2048w\" sizes=\"(max-width: 768px) 100vw, 768px\" \/>\t\t\t\t\t\t\t\t\t\t\t\t\t\t\t<\/div>\n\t\t\t\t<\/div>\n\t\t\t\t<div class=\"vamtam-has-theme-widget-styles elementor-element elementor-element-f0145d0 elementor-widget elementor-widget-text-editor\" data-id=\"f0145d0\" data-element_type=\"widget\" data-e-type=\"widget\" data-widget_type=\"text-editor.default\">\n\t\t\t\t<div class=\"elementor-widget-container\">\n\t\t\t\t\t\t\t\t\t<div>\n<ul>\n<li><span data-olk-copy-source=\"MessageBody\">Risonanza magnetica cerebrale<\/span><\/li>\n<li>Risonanza magnetica della ghiandola pituitaria<\/li>\n<li>Angiografia MRI cerebrale (MRA)<\/li>\n<li>Venografia MRI del cervello<\/li>\n<li>Orbita MRI<\/li>\n<li>Risonanza magnetica dei seni paranasali<\/li>\n<li>Risonanza magnetica della colonna cervicale<\/li>\n<li>MR PLESSO BRACHIALE<\/li>\n<li>Angiografia RM del collo (MRA)<\/li>\n<li>Risonanza magnetica della colonna toracica<\/li>\n<li>Risonanza magnetica della colonna lombosacrale<\/li>\n<li>Risonanza magnetica dell&#8217;intera colonna vertebrale<\/li>\n<li>Risonanza magnetica polmonare<\/li>\n<li>Risonanza magnetica addominale + CPRM<\/li>\n<li>Risonanza magnetica della prostata<\/li>\n<li>Risonanza magnetica ginecologica della pelvi<\/li>\n<li>RM spalla, braccio, gomito, avambraccio, polso, mano<\/li>\n<li>Risonanza magnetica della coscia, del ginocchio, della gamba, della caviglia, del piede<\/li>\n<li>Risonanza magnetica del bacino con fianchi<\/li>\n<\/ul>\n<\/div>\n\t\t\t\t\t\t\t\t<\/div>\n\t\t\t\t<\/div>\n\t\t\t\t\t<\/div>\n\t\t<\/div>\n\t\t\t\t<div class=\"elementor-column elementor-col-50 elementor-top-column elementor-element elementor-element-02f3e49\" data-id=\"02f3e49\" data-element_type=\"column\" data-e-type=\"column\">\n\t\t\t<div class=\"elementor-widget-wrap elementor-element-populated\">\n\t\t\t\t\t\t<div class=\"elementor-element elementor-element-1c0ae7a elementor-widget elementor-widget-heading\" data-id=\"1c0ae7a\" data-element_type=\"widget\" data-e-type=\"widget\" data-widget_type=\"heading.default\">\n\t\t\t\t<div class=\"elementor-widget-container\">\n\t\t\t\t\t<h3 class=\"elementor-heading-title elementor-size-default\">Parenzo<\/h3>\t\t\t\t<\/div>\n\t\t\t\t<\/div>\n\t\t\t\t<div class=\"elementor-element elementor-element-7110cd5 elementor-widget elementor-widget-image\" data-id=\"7110cd5\" data-element_type=\"widget\" data-e-type=\"widget\" data-widget_type=\"image.default\">\n\t\t\t\t<div class=\"elementor-widget-container\">\n\t\t\t\t\t\t\t\t\t\t\t\t\t\t\t<img decoding=\"async\" width=\"768\" height=\"511\" src=\"https:\/\/rotim.hr\/wp-content\/uploads\/2026\/03\/porec-magnet-web-1-768x511.jpg\" class=\"attachment-medium_large size-medium_large wp-image-994500\" alt=\"\" srcset=\"https:\/\/rotim.hr\/wp-content\/uploads\/2026\/03\/porec-magnet-web-1-768x511.jpg 768w, https:\/\/rotim.hr\/wp-content\/uploads\/2026\/03\/porec-magnet-web-1-300x200.jpg 300w, https:\/\/rotim.hr\/wp-content\/uploads\/2026\/03\/porec-magnet-web-1-1024x682.jpg 1024w, https:\/\/rotim.hr\/wp-content\/uploads\/2026\/03\/porec-magnet-web-1-1536x1022.jpg 1536w, https:\/\/rotim.hr\/wp-content\/uploads\/2026\/03\/porec-magnet-web-1.jpg 2048w\" sizes=\"(max-width: 768px) 100vw, 768px\" \/>\t\t\t\t\t\t\t\t\t\t\t\t\t\t\t<\/div>\n\t\t\t\t<\/div>\n\t\t\t\t<div class=\"vamtam-has-theme-widget-styles elementor-element elementor-element-6240843 elementor-widget elementor-widget-text-editor\" data-id=\"6240843\" data-element_type=\"widget\" data-e-type=\"widget\" data-widget_type=\"text-editor.default\">\n\t\t\t\t<div class=\"elementor-widget-container\">\n\t\t\t\t\t\t\t\t\t<ul>\n<li><span data-olk-copy-source=\"MessageBody\">Risonanza magnetica cerebrale<\/span><\/li>\n<li>Risonanza magnetica della ghiandola pituitaria<\/li>\n<li>Angiografia MRI cerebrale (MRA)<\/li>\n<li>Venografia MRI del cervello<\/li>\n<li>Orbita MRI<\/li>\n<li>Risonanza magnetica dei seni paranasali<\/li>\n<li>Risonanza magnetica della colonna cervicale<\/li>\n<li>MR PLESSO BRACHIALE<\/li>\n<li>Angiografia RM del collo (MRA)<\/li>\n<li>Risonanza magnetica della colonna toracica<\/li>\n<li>Risonanza magnetica della colonna lombosacrale<\/li>\n<li>Risonanza magnetica dell&#8217;intera colonna vertebrale<\/li>\n<li>Risonanza magnetica addominale + CPRM<\/li>\n<li>Risonanza magnetica della prostata<\/li>\n<li>Risonanza magnetica ginecologica della pelvi<\/li>\n<li>RM spalla, braccio, gomito, avambraccio, polso, mano<\/li>\n<li>Risonanza magnetica della coscia, del ginocchio, della gamba, della caviglia, del piede<\/li>\n<li>Risonanza magnetica del bacino con fianchi<\/li>\n<\/ul>\n\t\t\t\t\t\t\t\t<\/div>\n\t\t\t\t<\/div>\n\t\t\t\t\t<\/div>\n\t\t<\/div>\n\t\t\t\t\t<\/div>\n\t\t<\/section>\n\t\t\t\t<section class=\"elementor-section elementor-top-section elementor-element elementor-element-f6833ac elementor-section-content-middle elementor-section-boxed elementor-section-height-default elementor-section-height-default\" data-id=\"f6833ac\" data-element_type=\"section\" data-e-type=\"section\" data-settings=\"{&quot;background_background&quot;:&quot;classic&quot;}\">\n\t\t\t\t\t\t<div class=\"elementor-container elementor-column-gap-no\">\n\t\t\t\t\t<div class=\"elementor-column elementor-col-50 elementor-top-column elementor-element elementor-element-5da9ee9\" data-id=\"5da9ee9\" data-element_type=\"column\" data-e-type=\"column\">\n\t\t\t<div class=\"elementor-widget-wrap elementor-element-populated\">\n\t\t\t\t\t\t<div class=\"elementor-element elementor-element-d81a5b1 elementor-widget elementor-widget-heading\" data-id=\"d81a5b1\" data-element_type=\"widget\" data-e-type=\"widget\" data-widget_type=\"heading.default\">\n\t\t\t\t<div class=\"elementor-widget-container\">\n\t\t\t\t\t<h3 class=\"elementor-heading-title elementor-size-default\">Sebbene la risonanza magnetica sia un esame completamente indolore e sicuro, che pu\u00f2 essere eseguito senza problemi da donne in gravidanza o bambini piccoli, provoca disagio alla maggior parte dei pazienti e l'ingresso nel tunnel della macchina per la risonanza magnetica provoca una sensazione di paura. La maggior parte delle persone concorder\u00e0 sul fatto che non \u00e8 un esame piacevole e vorr\u00e0 evitarlo. <\/h3>\t\t\t\t<\/div>\n\t\t\t\t<\/div>\n\t\t\t\t\t<\/div>\n\t\t<\/div>\n\t\t\t\t<div class=\"elementor-column elementor-col-50 elementor-top-column elementor-element elementor-element-062da32\" data-id=\"062da32\" data-element_type=\"column\" data-e-type=\"column\">\n\t\t\t<div class=\"elementor-widget-wrap elementor-element-populated\">\n\t\t\t\t\t\t<div class=\"elementor-element elementor-element-0eba704 elementor-widget elementor-widget-image\" data-id=\"0eba704\" data-element_type=\"widget\" data-e-type=\"widget\" data-widget_type=\"image.default\">\n\t\t\t\t<div class=\"elementor-widget-container\">\n\t\t\t\t\t\t\t\t\t\t\t\t\t\t\t<img decoding=\"async\" width=\"1024\" height=\"683\" src=\"https:\/\/rotim.hr\/wp-content\/uploads\/2023\/01\/MRI-podnaslovna-1024x683.jpg\" class=\"attachment-large size-large wp-image-987961\" alt=\"\" srcset=\"https:\/\/rotim.hr\/wp-content\/uploads\/2023\/01\/MRI-podnaslovna-1024x683.jpg 1024w, https:\/\/rotim.hr\/wp-content\/uploads\/2023\/01\/MRI-podnaslovna-300x200.jpg 300w, https:\/\/rotim.hr\/wp-content\/uploads\/2023\/01\/MRI-podnaslovna-768x512.jpg 768w, https:\/\/rotim.hr\/wp-content\/uploads\/2023\/01\/MRI-podnaslovna.jpg 1300w\" sizes=\"(max-width: 1024px) 100vw, 1024px\" \/>\t\t\t\t\t\t\t\t\t\t\t\t\t\t\t<\/div>\n\t\t\t\t<\/div>\n\t\t\t\t\t<\/div>\n\t\t<\/div>\n\t\t\t\t\t<\/div>\n\t\t<\/section>\n\t\t\t\t<section class=\"elementor-section elementor-top-section elementor-element elementor-element-8e82620 elementor-section-boxed elementor-section-height-default elementor-section-height-default\" data-id=\"8e82620\" data-element_type=\"section\" data-e-type=\"section\">\n\t\t\t\t\t\t<div class=\"elementor-container elementor-column-gap-default\">\n\t\t\t\t\t<div class=\"elementor-column elementor-col-100 elementor-top-column elementor-element elementor-element-fd35edb\" data-id=\"fd35edb\" data-element_type=\"column\" data-e-type=\"column\">\n\t\t\t<div class=\"elementor-widget-wrap elementor-element-populated\">\n\t\t\t\t\t\t<div class=\"elementor-element elementor-element-67f045d elementor-widget elementor-widget-heading\" data-id=\"67f045d\" data-element_type=\"widget\" data-e-type=\"widget\" data-widget_type=\"heading.default\">\n\t\t\t\t<div class=\"elementor-widget-container\">\n\t\t\t\t\t<h2 class=\"elementor-heading-title elementor-size-default\">Risonanza magnetica per immagini<\/h2>\t\t\t\t<\/div>\n\t\t\t\t<\/div>\n\t\t\t\t\t<\/div>\n\t\t<\/div>\n\t\t\t\t\t<\/div>\n\t\t<\/section>\n\t\t\t\t<section class=\"elementor-section elementor-top-section elementor-element elementor-element-c373b86 elementor-section-boxed elementor-section-height-default elementor-section-height-default\" data-id=\"c373b86\" data-element_type=\"section\" data-e-type=\"section\">\n\t\t\t\t\t\t<div class=\"elementor-container elementor-column-gap-custom\">\n\t\t\t\t\t<div class=\"elementor-column elementor-col-50 elementor-top-column elementor-element elementor-element-baf22f1\" data-id=\"baf22f1\" data-element_type=\"column\" data-e-type=\"column\">\n\t\t\t<div class=\"elementor-widget-wrap elementor-element-populated\">\n\t\t\t\t\t\t<div class=\"vamtam-has-theme-widget-styles elementor-element elementor-element-78b65f0 elementor-widget elementor-widget-text-editor\" data-id=\"78b65f0\" data-element_type=\"widget\" data-e-type=\"widget\" data-widget_type=\"text-editor.default\">\n\t\t\t\t<div class=\"elementor-widget-container\">\n\t\t\t\t\t\t\t\t\t<p>D&#8217;altra parte, la risonanza magnetica \u00e8 un metodo diagnostico mirato molto importante, che utilizza un forte campo magnetico e onde radio per fornire una visione a strati dei singoli apparati. In altre parole, ci fornisce una visione dettagliata della condizione e delle alterazioni di organi, tessuti molli, ossa e articolazioni. <\/p>\n<p>Le tecnologie pi\u00f9 recenti, ora disponibili in Croazia, ci permettono di visualizzare questi dettagli nei minimi dettagli, facilitando notevolmente la diagnosi e la terapia per i medici. \u00c8 anche grazie a queste tecnologie che i dispositivi pi\u00f9 recenti sul mercato rendono l&#8217;esame pi\u00f9 semplice per il paziente stesso. <\/p>\n<p><strong>Quando ha acquistato l&#8217;ultimo dispositivo per la risonanza magnetica, il Policlinico Rotim ha preso in considerazione entrambi gli aspetti: risultati e reperti degli esami di prim&#8217;ordine e un&#8217;esperienza il pi\u00f9 confortevole possibile per il paziente,<\/strong> che, grazie al design del dispositivo stesso, non si sentir\u00e0 pi\u00f9 claustrofobico durante l&#8217;esame.<\/p>\n<p>Il dispositivo di Zagabria \u00e8 progettato per essere adatto <strong>a pazienti con peso corporeo elevato (fino a 320 kg),<\/strong> che non potevano sottoporsi a questo esame a causa dei limiti dei dispositivi precedenti.<\/p>\n<p>La tecnologia all&#8217;avanguardia del nuovo apparecchio per la risonanza magnetica consente ai pazienti del Policlinico Rotim <strong>di sottoporsi a esami in tempi pi\u00f9 brevi<\/strong> e la tecnica di imaging \u00e8 cos\u00ec precisa da poter diagnosticare processi infiammatori e instabilit\u00e0 meccanica di protesi e impianti, consentendo cos\u00ec una terapia adeguata per i pazienti portatori di protesi, placche e viti nelle ossa.<\/p>\n<p><strong>La particolarit\u00e0 del dispositivo per la risonanza magnetica presso il policlinico Rotim di Zagabria \u00e8 che consente anche di sottoporre i pazienti a scansione polmonare, un aspetto importante per i pazienti guariti dal COVID e per quelli che presentano alterazioni polmonari.&nbsp;<\/strong><\/p>\n<p>Oltre ai servizi e agli esami elencati, presso il POLICLIMO ROTIM \u00e8 possibile effettuare la risonanza magnetica per immagini dei seguenti organi\/parti del corpo:<\/p>\n<ul>\n<li>Testa e collo<\/li>\n<li>Cervello&nbsp;<\/li>\n<li>Ipofisi<\/li>\n<li>&nbsp;Colonna vertebrale e schiena<\/li>\n<li>Colonna cervicale<\/li>\n<li>Colonna toracica (torace)<\/li>\n<li>Colonna lombare (lombare)<\/li>\n<li>Articolazione della spalla<\/li>\n<li>Articolazione del gomito<\/li>\n<li>Polso e mano<\/li>\n<li>Fianchi<\/li>\n<li>articolazione del ginocchio<\/li>\n<li>Caviglia e piede<\/li>\n<li>&nbsp;Addome (pancia) e bacino<\/li>\n<li>Vasi sanguigni (angiografia RM)<\/li>\n<li>vasi cerebrali<\/li>\n<li>Arterie carotidi (collo)<\/li>\n<li>Aorta e altri vasi sanguigni nell&#8217;addome e nel torace<\/li>\n<\/ul>\t\t\t\t\t\t\t\t<\/div>\n\t\t\t\t<\/div>\n\t\t\t\t<div class=\"elementor-element elementor-element-5c72aa2 elementor-widget elementor-widget-spacer\" data-id=\"5c72aa2\" data-element_type=\"widget\" data-e-type=\"widget\" data-widget_type=\"spacer.default\">\n\t\t\t\t<div class=\"elementor-widget-container\">\n\t\t\t\t\t\t\t<div class=\"elementor-spacer\">\n\t\t\t<div class=\"elementor-spacer-inner\"><\/div>\n\t\t<\/div>\n\t\t\t\t\t\t<\/div>\n\t\t\t\t<\/div>\n\t\t\t\t\t<\/div>\n\t\t<\/div>\n\t\t\t\t<div class=\"elementor-column elementor-col-50 elementor-top-column elementor-element elementor-element-6c49d19\" data-id=\"6c49d19\" data-element_type=\"column\" data-e-type=\"column\">\n\t\t\t<div class=\"elementor-widget-wrap elementor-element-populated\">\n\t\t\t\t\t\t<div class=\"elementor-element elementor-element-04dd21a elementor-widget elementor-widget-video\" data-id=\"04dd21a\" data-element_type=\"widget\" data-e-type=\"widget\" data-settings=\"{&quot;youtube_url&quot;:&quot;https:\\\/\\\/www.youtube.com\\\/watch?v=dfiYpnmw0uI&quot;,&quot;video_type&quot;:&quot;youtube&quot;,&quot;controls&quot;:&quot;yes&quot;}\" data-widget_type=\"video.default\">\n\t\t\t\t<div class=\"elementor-widget-container\">\n\t\t\t\t\t\t\t<div class=\"elementor-wrapper elementor-open-inline\">\n\t\t\t<div class=\"elementor-video\"><\/div>\t\t<\/div>\n\t\t\t\t\t\t<\/div>\n\t\t\t\t<\/div>\n\t\t\t\t<div class=\"vamtam-has-theme-widget-styles elementor-element elementor-element-5c77def elementor-widget elementor-widget-text-editor\" data-id=\"5c77def\" data-element_type=\"widget\" data-e-type=\"widget\" data-widget_type=\"text-editor.default\">\n\t\t\t\t<div class=\"elementor-widget-container\">\n\t\t\t\t\t\t\t\t\t<p><b>Per prenotare questi esami e per qualsiasi informazione aggiuntiva, i pazienti possono contattare:<\/b><\/p>\n<p><b>POLICLINICO ZAGABRIA:<\/b> <span style=\"font-family: 'Titillium Web', sans-serif; font-size: 14px; font-style: normal; font-variant-ligatures: normal; font-variant-caps: normal; font-weight: bold;\">radiologija@rotim.hr<\/span> <span style=\"font-family: 'Titillium Web', sans-serif; font-size: 14px; font-style: normal; font-variant-ligatures: normal; font-variant-caps: normal; font-weight: bold;\">01\/2349433<\/span> <span style=\"font-family: 'Titillium Web', sans-serif; font-size: 14px; font-style: normal; font-variant-ligatures: normal; font-variant-caps: normal; font-weight: bold;\">+385 91 6164 270<\/span><\/p>\n<p><b>POLICLINICO PARENZO:<\/b> <b>porec@rotim.hr 052\/771 776 +385 91 2222 351<\/b><\/p>\n\t\t\t\t\t\t\t\t<\/div>\n\t\t\t\t<\/div>\n\t\t\t\t\t<\/div>\n\t\t<\/div>\n\t\t\t\t\t<\/div>\n\t\t<\/section>\n\t\t\t\t<section class=\"elementor-section elementor-top-section elementor-element elementor-element-e112138 elementor-section-boxed elementor-section-height-default elementor-section-height-default\" data-id=\"e112138\" data-element_type=\"section\" data-e-type=\"section\">\n\t\t\t\t\t\t<div class=\"elementor-container elementor-column-gap-default\">\n\t\t\t\t\t<div class=\"elementor-column elementor-col-100 elementor-top-column elementor-element elementor-element-d0feb74\" data-id=\"d0feb74\" data-element_type=\"column\" data-e-type=\"column\">\n\t\t\t<div class=\"elementor-widget-wrap\">\n\t\t\t\t\t\t\t<\/div>\n\t\t<\/div>\n\t\t\t\t\t<\/div>\n\t\t<\/section>\n\t\t\t\t<\/div>\n\t\t","protected":false},"excerpt":{"rendered":"<p>Servizi Risonanza magnetica all&#8217;avanguardia con intelligenza artificiale. Nessuna attesa per un appuntamento. Risultati disponibili il giorno stesso o il giorno successivo. Elenco degli esami di risonanza magnetica presso il Policlinico Rotim Zagabria Risonanza magnetica cerebrale Risonanza magnetica della ghiandola pituitaria Angiografia MRI cerebrale (MRA) Venografia MRI del cervello Orbita MRI Risonanza magnetica dei seni paranasali&#8230;<\/p>\n","protected":false},"author":4,"featured_media":0,"parent":990758,"menu_order":0,"comment_status":"closed","ping_status":"closed","template":"","meta":{"footnotes":""},"class_list":["post-990766","page","type-page","status-publish","hentry"],"_links":{"self":[{"href":"https:\/\/rotim.hr\/it\/wp-json\/wp\/v2\/pages\/990766","targetHints":{"allow":["GET"]}}],"collection":[{"href":"https:\/\/rotim.hr\/it\/wp-json\/wp\/v2\/pages"}],"about":[{"href":"https:\/\/rotim.hr\/it\/wp-json\/wp\/v2\/types\/page"}],"author":[{"embeddable":true,"href":"https:\/\/rotim.hr\/it\/wp-json\/wp\/v2\/users\/4"}],"replies":[{"embeddable":true,"href":"https:\/\/rotim.hr\/it\/wp-json\/wp\/v2\/comments?post=990766"}],"version-history":[{"count":6,"href":"https:\/\/rotim.hr\/it\/wp-json\/wp\/v2\/pages\/990766\/revisions"}],"predecessor-version":[{"id":994743,"href":"https:\/\/rotim.hr\/it\/wp-json\/wp\/v2\/pages\/990766\/revisions\/994743"}],"up":[{"embeddable":true,"href":"https:\/\/rotim.hr\/it\/wp-json\/wp\/v2\/pages\/990758"}],"wp:attachment":[{"href":"https:\/\/rotim.hr\/it\/wp-json\/wp\/v2\/media?parent=990766"}],"curies":[{"name":"wp","href":"https:\/\/api.w.org\/{rel}","templated":true}]}}